{"id":27352,"date":"2025-10-30T09:07:29","date_gmt":"2025-10-30T07:07:29","guid":{"rendered":"https:\/\/www.casadomenica.gr\/%ce%bc%ce%b5-%cf%84%ce%b7%ce%bd-%cf%83%cf%85%ce%b3%cf%87%cf%81%ce%b7%ce%bc%ce%b1%cf%84%ce%bf%ce%b4%cf%8c%cf%84%ce%b7%cf%83%ce%b7-%cf%84%ce%b7%cf%82-%ce%b5%ce%bb%ce%bb%ce%ac%ce%b4%ce%b1%cf%82-%ce%ba\/"},"modified":"2025-10-30T20:31:08","modified_gmt":"2025-10-30T18:31:08","slug":"co-financing","status":"publish","type":"page","link":"https:\/\/www.casadomenica.gr\/sr\/co-financing\/","title":{"rendered":"Uz sufinansiranje Gr\u010dke i Evropske unije."},"content":{"rendered":"<p><div class=\"fusion-fullwidth fullwidth-box fusion-builder-row-1 fusion-flex-container has-pattern-background has-mask-background nonhundred-percent-fullwidth non-hundred-percent-height-scrolling\" style=\"--awb-border-radius-top-left:0px;--awb-border-radius-top-right:0px;--awb-border-radius-bottom-right:0px;--awb-border-radius-bottom-left:0px;--awb-flex-wrap:wrap;\" ><div class=\"fusion-builder-row fusion-row fusion-flex-align-items-flex-start fusion-flex-content-wrap\" style=\"max-width:1216.8px;margin-left: calc(-4% \/ 2 );margin-right: calc(-4% \/ 2 );\"><div class=\"fusion-layout-column fusion_builder_column fusion-builder-column-0 fusion_builder_column_1_1 1_1 fusion-flex-column\" style=\"--awb-bg-size:cover;--awb-width-large:100%;--awb-margin-top-large:0px;--awb-spacing-right-large:1.92%;--awb-margin-bottom-large:20px;--awb-spacing-left-large:1.92%;--awb-width-medium:100%;--awb-order-medium:0;--awb-spacing-right-medium:1.92%;--awb-spacing-left-medium:1.92%;--awb-width-small:100%;--awb-order-small:0;--awb-spacing-right-small:1.92%;--awb-spacing-left-small:1.92%;\"><div class=\"fusion-column-wrapper fusion-column-has-shadow fusion-flex-justify-content-flex-start fusion-content-layout-column\"><div class=\"fusion-title title fusion-title-1 fusion-title-center fusion-title-text fusion-title-size-two\" style=\"--awb-margin-top-small:0px;--awb-margin-right-small:0px;--awb-margin-bottom-small:20px;--awb-margin-left-small:0px;--awb-font-size:26px;\"><div class=\"title-sep-container title-sep-container-left\"><div class=\"title-sep sep- sep-solid\" style=\"border-color:#e0dede;\"><\/div><\/div><span class=\"awb-title-spacer\"><\/span><h2 class=\"fusion-title-heading title-heading-center fusion-responsive-typography-calculated\" style=\"margin:0;font-size:1em;--fontSize:26;line-height:1.69;\"><strong>Uz sufinansiranje Gr\u010dke i Evropske unije.<\/strong><\/h2><span class=\"awb-title-spacer\"><\/span><div class=\"title-sep-container title-sep-container-right\"><div class=\"title-sep sep- sep-solid\" style=\"border-color:#e0dede;\"><\/div><\/div><\/div><\/div><\/div><\/div><\/div><div class=\"fusion-fullwidth fullwidth-box fusion-builder-row-2 fusion-flex-container has-pattern-background has-mask-background nonhundred-percent-fullwidth non-hundred-percent-height-scrolling\" style=\"--awb-border-radius-top-left:0px;--awb-border-radius-top-right:0px;--awb-border-radius-bottom-right:0px;--awb-border-radius-bottom-left:0px;--awb-flex-wrap:wrap;\" ><div class=\"fusion-builder-row fusion-row fusion-flex-align-items-flex-start fusion-flex-justify-content-center fusion-flex-content-wrap\" style=\"max-width:1216.8px;margin-left: calc(-4% \/ 2 );margin-right: calc(-4% \/ 2 );\"><div class=\"fusion-layout-column fusion_builder_column fusion-builder-column-1 fusion_builder_column_2_3 2_3 fusion-flex-column\" style=\"--awb-bg-size:cover;--awb-width-large:66.666666666667%;--awb-margin-top-large:0px;--awb-spacing-right-large:2.88%;--awb-margin-bottom-large:20px;--awb-spacing-left-large:2.88%;--awb-width-medium:100%;--awb-order-medium:0;--awb-spacing-right-medium:1.92%;--awb-spacing-left-medium:1.92%;--awb-width-small:100%;--awb-order-small:0;--awb-spacing-right-small:1.92%;--awb-spacing-left-small:1.92%;\"><div class=\"fusion-column-wrapper fusion-column-has-shadow fusion-flex-justify-content-flex-start fusion-content-layout-column\"><div class=\"fusion-text fusion-text-1\"><p>Preduze\u0107e pod nazivom \u201eKIRIAZIDIS KIRIAZIS\u201c, u Mesnoj zajednici Stavros, op\u0161tine Volvi, uklju\u010deno je u Mera 19, Podmeru 19.2 \u201eLokalni razvoj zasnovan na inicijativi lokalnih zajednica (CLLD\/LEADER)\u201d u okviru Programa ruralnog razvoja 2014\u20132020, za intervencije privatnog karaktera, u Podakciji 19.2.2.4 \u201ePodr\u0161ka investicijama u oblasti zanatstva, umetni\u010dkih delatnosti, proizvodnje proizvoda nakon prve prerade i trgovine, sa ciljem ostvarivanja posebnih ciljeva lokalne strategije\u201c, u okviru Lokalnog programa CLLD\/LEADER za podru\u010dje op\u0161tina Lagadas, Volvi i delova op\u0161tina Oreokastro, Termi, Termaikos, Pilaja\u2013Hortijatis i Delta u Prefekturi Solun.<\/p>\n<p>Projekat se odnosi na osnivanje sme\u0161taja turisti\u010dkih opremljenih stanova i obuhvata: gra\u0111evinske radove, nabavku opreme, tro\u0161kove sistema bezbednosti, sertifikaciju Sistema upravljanja kvalitetom prema ISO 9001:2015, i op\u0161te tro\u0161kove povezane sa objektima i opremom.<br \/>Glavni cilj projekta je oja\u010dati konkurentnost preduze\u0107a.<\/p>\n<p>Ukupan bud\u017eet investicije iznosi 213.842,21 \u20ac, od \u010dega javni izdaci iznose 149.689,55 \u20ac i su-finansirani su od strane Evropskog poljoprivrednog fonda za ruralni razvoj (EAFRD) Evropske unije i nacionalnih sredstava.<\/p>\n<p>Agencija za razvoj prefekture Solun D.A. \u2013 Organizacija za razvoj lokalne samouprave predstavlja Lokalnu akcionu grupu Lokalnog programa CLLD\/LEADER.<\/p>\n<\/div><\/div><\/div><\/div><\/div><div class=\"fusion-fullwidth fullwidth-box fusion-builder-row-3 fusion-flex-container has-pattern-background has-mask-background hundred-percent-fullwidth non-hundred-percent-height-scrolling\" style=\"--awb-border-radius-top-left:0px;--awb-border-radius-top-right:0px;--awb-border-radius-bottom-right:0px;--awb-border-radius-bottom-left:0px;--awb-flex-wrap:wrap;\" ><div class=\"fusion-builder-row fusion-row fusion-flex-align-items-flex-start fusion-flex-content-wrap\" style=\"width:calc( 100% + 10px ) !important;max-width:calc( 100% + 10px ) !important;margin-left: calc(-10px \/ 2 );margin-right: calc(-10px \/ 2 );\"><div class=\"fusion-layout-column fusion_builder_column fusion-builder-column-2 fusion_builder_column_1_5 1_5 fusion-flex-column\" style=\"--awb-bg-size:cover;--awb-width-large:20%;--awb-margin-top-large:0px;--awb-spacing-right-large:5px;--awb-margin-bottom-large:20px;--awb-spacing-left-large:5px;--awb-width-medium:33.333333333333%;--awb-order-medium:0;--awb-spacing-right-medium:5px;--awb-spacing-left-medium:5px;--awb-width-small:100%;--awb-order-small:0;--awb-spacing-right-small:5px;--awb-spacing-left-small:5px;\"><div class=\"fusion-column-wrapper fusion-column-has-shadow fusion-flex-justify-content-flex-start fusion-content-layout-column\"><div class=\"fusion-image-element \" style=\"text-align:center;--awb-caption-title-font-family:var(--h2_typography-font-family);--awb-caption-title-font-weight:var(--h2_typography-font-weight);--awb-caption-title-font-style:var(--h2_typography-font-style);--awb-caption-title-size:var(--h2_typography-font-size);--awb-caption-title-transform:var(--h2_typography-text-transform);--awb-caption-title-line-height:var(--h2_typography-line-height);--awb-caption-title-letter-spacing:var(--h2_typography-letter-spacing);\"><span class=\" fusion-imageframe imageframe-none imageframe-1 hover-type-none\"><img decoding=\"async\" width=\"286\" height=\"149\" title=\"co-financing1\" src=\"https:\/\/www.casadomenica.gr\/wp-content\/uploads\/2025\/10\/co-financing1.png\" data-orig-src=\"https:\/\/www.casadomenica.gr\/wp-content\/uploads\/2025\/10\/co-financing1.png\" alt class=\"lazyload img-responsive wp-image-27331\" srcset=\"data:image\/svg+xml,%3Csvg%20xmlns%3D%27http%3A%2F%2Fwww.w3.org%2F2000%2Fsvg%27%20width%3D%27286%27%20height%3D%27149%27%20viewBox%3D%270%200%20286%20149%27%3E%3Crect%20width%3D%27286%27%20height%3D%27149%27%20fill-opacity%3D%220%22%2F%3E%3C%2Fsvg%3E\" data-srcset=\"https:\/\/www.casadomenica.gr\/wp-content\/uploads\/2025\/10\/co-financing1-200x104.png 200w, https:\/\/www.casadomenica.gr\/wp-content\/uploads\/2025\/10\/co-financing1.png 286w\" data-sizes=\"auto\" data-orig-sizes=\"(max-width: 1024px) 100vw, (max-width: 640px) 100vw, 286px\" \/><\/span><\/div><\/div><\/div><div class=\"fusion-layout-column fusion_builder_column fusion-builder-column-3 fusion_builder_column_1_5 1_5 fusion-flex-column\" style=\"--awb-bg-size:cover;--awb-width-large:20%;--awb-margin-top-large:0px;--awb-spacing-right-large:5px;--awb-margin-bottom-large:20px;--awb-spacing-left-large:5px;--awb-width-medium:33.333333333333%;--awb-order-medium:0;--awb-spacing-right-medium:5px;--awb-spacing-left-medium:5px;--awb-width-small:100%;--awb-order-small:0;--awb-spacing-right-small:5px;--awb-spacing-left-small:5px;\"><div class=\"fusion-column-wrapper fusion-column-has-shadow fusion-flex-justify-content-flex-start fusion-content-layout-column\"><div class=\"fusion-image-element \" style=\"text-align:center;--awb-caption-title-font-family:var(--h2_typography-font-family);--awb-caption-title-font-weight:var(--h2_typography-font-weight);--awb-caption-title-font-style:var(--h2_typography-font-style);--awb-caption-title-size:var(--h2_typography-font-size);--awb-caption-title-transform:var(--h2_typography-text-transform);--awb-caption-title-line-height:var(--h2_typography-line-height);--awb-caption-title-letter-spacing:var(--h2_typography-letter-spacing);\"><span class=\" fusion-imageframe imageframe-none imageframe-2 hover-type-none\"><img decoding=\"async\" width=\"288\" height=\"134\" title=\"co-financing2\" src=\"https:\/\/www.casadomenica.gr\/wp-content\/uploads\/2025\/10\/co-financing2.jpg\" data-orig-src=\"https:\/\/www.casadomenica.gr\/wp-content\/uploads\/2025\/10\/co-financing2.jpg\" alt class=\"lazyload img-responsive wp-image-27334\" srcset=\"data:image\/svg+xml,%3Csvg%20xmlns%3D%27http%3A%2F%2Fwww.w3.org%2F2000%2Fsvg%27%20width%3D%27288%27%20height%3D%27134%27%20viewBox%3D%270%200%20288%20134%27%3E%3Crect%20width%3D%27288%27%20height%3D%27134%27%20fill-opacity%3D%220%22%2F%3E%3C%2Fsvg%3E\" data-srcset=\"https:\/\/www.casadomenica.gr\/wp-content\/uploads\/2025\/10\/co-financing2-200x93.jpg 200w, https:\/\/www.casadomenica.gr\/wp-content\/uploads\/2025\/10\/co-financing2.jpg 288w\" data-sizes=\"auto\" data-orig-sizes=\"(max-width: 1024px) 100vw, (max-width: 640px) 100vw, 288px\" \/><\/span><\/div><\/div><\/div><div class=\"fusion-layout-column fusion_builder_column fusion-builder-column-4 fusion_builder_column_1_5 1_5 fusion-flex-column\" style=\"--awb-bg-size:cover;--awb-width-large:20%;--awb-margin-top-large:0px;--awb-spacing-right-large:5px;--awb-margin-bottom-large:20px;--awb-spacing-left-large:5px;--awb-width-medium:33.333333333333%;--awb-order-medium:0;--awb-spacing-right-medium:5px;--awb-spacing-left-medium:5px;--awb-width-small:100%;--awb-order-small:0;--awb-spacing-right-small:5px;--awb-spacing-left-small:5px;\"><div class=\"fusion-column-wrapper fusion-column-has-shadow fusion-flex-justify-content-flex-start fusion-content-layout-column\"><div class=\"fusion-image-element \" style=\"text-align:center;--awb-caption-title-font-family:var(--h2_typography-font-family);--awb-caption-title-font-weight:var(--h2_typography-font-weight);--awb-caption-title-font-style:var(--h2_typography-font-style);--awb-caption-title-size:var(--h2_typography-font-size);--awb-caption-title-transform:var(--h2_typography-text-transform);--awb-caption-title-line-height:var(--h2_typography-line-height);--awb-caption-title-letter-spacing:var(--h2_typography-letter-spacing);\"><span class=\" fusion-imageframe imageframe-none imageframe-3 hover-type-none\"><img decoding=\"async\" width=\"129\" height=\"128\" title=\"co-financing3\" src=\"data:image\/svg+xml,%3Csvg%20xmlns%3D%27http%3A%2F%2Fwww.w3.org%2F2000%2Fsvg%27%20width%3D%27129%27%20height%3D%27128%27%20viewBox%3D%270%200%20129%20128%27%3E%3Crect%20width%3D%27129%27%20height%3D%27128%27%20fill-opacity%3D%220%22%2F%3E%3C%2Fsvg%3E\" data-orig-src=\"https:\/\/www.casadomenica.gr\/wp-content\/uploads\/2025\/10\/co-financing3.jpg\" alt class=\"lazyload img-responsive wp-image-27337\"\/><\/span><\/div><\/div><\/div><div class=\"fusion-layout-column fusion_builder_column fusion-builder-column-5 fusion_builder_column_1_5 1_5 fusion-flex-column\" style=\"--awb-bg-size:cover;--awb-width-large:20%;--awb-margin-top-large:0px;--awb-spacing-right-large:5px;--awb-margin-bottom-large:20px;--awb-spacing-left-large:5px;--awb-width-medium:50%;--awb-order-medium:0;--awb-spacing-right-medium:5px;--awb-spacing-left-medium:5px;--awb-width-small:100%;--awb-order-small:0;--awb-spacing-right-small:5px;--awb-spacing-left-small:5px;\"><div class=\"fusion-column-wrapper fusion-column-has-shadow fusion-flex-justify-content-flex-start fusion-content-layout-column\"><div class=\"fusion-image-element \" style=\"text-align:center;--awb-caption-title-font-family:var(--h2_typography-font-family);--awb-caption-title-font-weight:var(--h2_typography-font-weight);--awb-caption-title-font-style:var(--h2_typography-font-style);--awb-caption-title-size:var(--h2_typography-font-size);--awb-caption-title-transform:var(--h2_typography-text-transform);--awb-caption-title-line-height:var(--h2_typography-line-height);--awb-caption-title-letter-spacing:var(--h2_typography-letter-spacing);\"><span class=\" fusion-imageframe imageframe-none imageframe-4 hover-type-none\"><img decoding=\"async\" width=\"157\" height=\"166\" title=\"co-financing4\" src=\"data:image\/svg+xml,%3Csvg%20xmlns%3D%27http%3A%2F%2Fwww.w3.org%2F2000%2Fsvg%27%20width%3D%27157%27%20height%3D%27166%27%20viewBox%3D%270%200%20157%20166%27%3E%3Crect%20width%3D%27157%27%20height%3D%27166%27%20fill-opacity%3D%220%22%2F%3E%3C%2Fsvg%3E\" data-orig-src=\"https:\/\/www.casadomenica.gr\/wp-content\/uploads\/2025\/10\/co-financing4.jpg\" alt class=\"lazyload img-responsive wp-image-27340\"\/><\/span><\/div><\/div><\/div><div class=\"fusion-layout-column fusion_builder_column fusion-builder-column-6 fusion_builder_column_1_5 1_5 fusion-flex-column\" style=\"--awb-bg-size:cover;--awb-width-large:20%;--awb-margin-top-large:0px;--awb-spacing-right-large:5px;--awb-margin-bottom-large:20px;--awb-spacing-left-large:5px;--awb-width-medium:50%;--awb-order-medium:0;--awb-spacing-right-medium:5px;--awb-spacing-left-medium:5px;--awb-width-small:100%;--awb-order-small:0;--awb-spacing-right-small:5px;--awb-spacing-left-small:5px;\"><div class=\"fusion-column-wrapper fusion-column-has-shadow fusion-flex-justify-content-flex-start fusion-content-layout-column\"><div class=\"fusion-image-element \" style=\"text-align:center;--awb-caption-title-font-family:var(--h2_typography-font-family);--awb-caption-title-font-weight:var(--h2_typography-font-weight);--awb-caption-title-font-style:var(--h2_typography-font-style);--awb-caption-title-size:var(--h2_typography-font-size);--awb-caption-title-transform:var(--h2_typography-text-transform);--awb-caption-title-line-height:var(--h2_typography-line-height);--awb-caption-title-letter-spacing:var(--h2_typography-letter-spacing);\"><span class=\" fusion-imageframe imageframe-none imageframe-5 hover-type-none\"><img decoding=\"async\" width=\"223\" height=\"133\" title=\"co-financing5\" src=\"https:\/\/www.casadomenica.gr\/wp-content\/uploads\/2025\/10\/co-financing5.jpg\" data-orig-src=\"https:\/\/www.casadomenica.gr\/wp-content\/uploads\/2025\/10\/co-financing5.jpg\" alt class=\"lazyload img-responsive wp-image-27343\" srcset=\"data:image\/svg+xml,%3Csvg%20xmlns%3D%27http%3A%2F%2Fwww.w3.org%2F2000%2Fsvg%27%20width%3D%27223%27%20height%3D%27133%27%20viewBox%3D%270%200%20223%20133%27%3E%3Crect%20width%3D%27223%27%20height%3D%27133%27%20fill-opacity%3D%220%22%2F%3E%3C%2Fsvg%3E\" data-srcset=\"https:\/\/www.casadomenica.gr\/wp-content\/uploads\/2025\/10\/co-financing5-200x119.jpg 200w, https:\/\/www.casadomenica.gr\/wp-content\/uploads\/2025\/10\/co-financing5.jpg 223w\" data-sizes=\"auto\" data-orig-sizes=\"(max-width: 1024px) 100vw, (max-width: 640px) 100vw, 223px\" \/><\/span><\/div><\/div><\/div><\/div><\/div><div class=\"fusion-fullwidth fullwidth-box fusion-builder-row-4 fusion-flex-container has-pattern-background has-mask-background nonhundred-percent-fullwidth non-hundred-percent-height-scrolling\" style=\"--awb-border-radius-top-left:0px;--awb-border-radius-top-right:0px;--awb-border-radius-bottom-right:0px;--awb-border-radius-bottom-left:0px;--awb-flex-wrap:wrap;\" ><div class=\"fusion-builder-row fusion-row fusion-flex-align-items-flex-start fusion-flex-content-wrap\" style=\"max-width:1216.8px;margin-left: calc(-4% \/ 2 );margin-right: calc(-4% \/ 2 );\"><div class=\"fusion-layout-column fusion_builder_column fusion-builder-column-7 fusion_builder_column_1_1 1_1 fusion-flex-column\" style=\"--awb-bg-size:cover;--awb-width-large:100%;--awb-margin-top-large:0px;--awb-spacing-right-large:1.92%;--awb-margin-bottom-large:20px;--awb-spacing-left-large:1.92%;--awb-width-medium:100%;--awb-order-medium:0;--awb-spacing-right-medium:1.92%;--awb-spacing-left-medium:1.92%;--awb-width-small:100%;--awb-order-small:0;--awb-spacing-right-small:1.92%;--awb-spacing-left-small:1.92%;\"><div class=\"fusion-column-wrapper fusion-column-has-shadow fusion-flex-justify-content-flex-start fusion-content-layout-column\"><div class=\"fusion-text fusion-text-2\" style=\"--awb-content-alignment:center;\"><p><a href=\"https:\/\/www.agrotikianaptixi.gr\/el\" target=\"_blank\" rel=\"noopener\" style=\"color:blue;\">https:\/\/www.agrotikianaptixi.gr\/el<\/a><\/p>\n<\/div><\/div><\/div><\/div><\/div><\/p>\n","protected":false},"excerpt":{"rendered":"","protected":false},"author":1,"featured_media":0,"parent":0,"menu_order":0,"comment_status":"closed","ping_status":"closed","template":"100-width.php","meta":{"footnotes":""},"class_list":["post-27352","page","type-page","status-publish","hentry"],"yoast_head":"<!-- This site is optimized with the Yoast SEO plugin v27.2 - https:\/\/yoast.com\/product\/yoast-seo-wordpress\/ -->\n<title>Uz sufinansiranje Gr\u010dke i Evropske unije. - Casa Domenica<\/title>\n<meta name=\"robots\" content=\"index, follow, max-snippet:-1, max-image-preview:large, max-video-preview:-1\" \/>\n<link rel=\"canonical\" href=\"https:\/\/www.casadomenica.gr\/sr\/co-financing\/\" \/>\n<meta property=\"og:locale\" content=\"sr_RS\" \/>\n<meta property=\"og:type\" content=\"article\" \/>\n<meta property=\"og:title\" content=\"Uz sufinansiranje Gr\u010dke i Evropske unije. - Casa Domenica\" \/>\n<meta property=\"og:url\" content=\"https:\/\/www.casadomenica.gr\/sr\/co-financing\/\" \/>\n<meta property=\"og:site_name\" content=\"Casa Domenica\" \/>\n<meta property=\"article:modified_time\" content=\"2025-10-30T18:31:08+00:00\" \/>\n<meta name=\"twitter:card\" content=\"summary_large_image\" \/>\n<meta name=\"twitter:label1\" content=\"\u041f\u0440\u043e\u0446\u0435\u045a\u0435\u043d\u043e \u0432\u0440\u0435\u043c\u0435 \u0447\u0438\u0442\u0430\u045a\u0430\" \/>\n\t<meta name=\"twitter:data1\" content=\"3 \u043c\u0438\u043d\u0443\u0442\u0430\" \/>\n<script type=\"application\/ld+json\" class=\"yoast-schema-graph\">{\"@context\":\"https:\/\/schema.org\",\"@graph\":[{\"@type\":\"WebPage\",\"@id\":\"https:\/\/www.casadomenica.gr\/sr\/co-financing\/\",\"url\":\"https:\/\/www.casadomenica.gr\/sr\/co-financing\/\",\"name\":\"Uz sufinansiranje Gr\u010dke i Evropske unije. - Casa Domenica\",\"isPartOf\":{\"@id\":\"https:\/\/www.casadomenica.gr\/sr\/#website\"},\"datePublished\":\"2025-10-30T07:07:29+00:00\",\"dateModified\":\"2025-10-30T18:31:08+00:00\",\"breadcrumb\":{\"@id\":\"https:\/\/www.casadomenica.gr\/sr\/co-financing\/#breadcrumb\"},\"inLanguage\":\"sr-RS\",\"potentialAction\":[{\"@type\":\"ReadAction\",\"target\":[\"https:\/\/www.casadomenica.gr\/sr\/co-financing\/\"]}]},{\"@type\":\"BreadcrumbList\",\"@id\":\"https:\/\/www.casadomenica.gr\/sr\/co-financing\/#breadcrumb\",\"itemListElement\":[{\"@type\":\"ListItem\",\"position\":1,\"name\":\"Home\",\"item\":\"https:\/\/www.casadomenica.gr\/sr\/\"},{\"@type\":\"ListItem\",\"position\":2,\"name\":\"Uz sufinansiranje Gr\u010dke i Evropske unije.\"}]},{\"@type\":\"WebSite\",\"@id\":\"https:\/\/www.casadomenica.gr\/sr\/#website\",\"url\":\"https:\/\/www.casadomenica.gr\/sr\/\",\"name\":\"Casa Domenica\",\"description\":\"Relaxing &amp; Pleasure\",\"publisher\":{\"@id\":\"https:\/\/www.casadomenica.gr\/sr\/#organization\"},\"potentialAction\":[{\"@type\":\"SearchAction\",\"target\":{\"@type\":\"EntryPoint\",\"urlTemplate\":\"https:\/\/www.casadomenica.gr\/sr\/?s={search_term_string}\"},\"query-input\":{\"@type\":\"PropertyValueSpecification\",\"valueRequired\":true,\"valueName\":\"search_term_string\"}}],\"inLanguage\":\"sr-RS\"},{\"@type\":\"Organization\",\"@id\":\"https:\/\/www.casadomenica.gr\/sr\/#organization\",\"name\":\"Casa Domenica\",\"url\":\"https:\/\/www.casadomenica.gr\/sr\/\",\"logo\":{\"@type\":\"ImageObject\",\"inLanguage\":\"sr-RS\",\"@id\":\"https:\/\/www.casadomenica.gr\/sr\/#\/schema\/logo\/image\/\",\"url\":\"https:\/\/www.casadomenica.gr\/wp-content\/uploads\/2020\/04\/CASA-DOMENICA-LOGO-x2.png\",\"contentUrl\":\"https:\/\/www.casadomenica.gr\/wp-content\/uploads\/2020\/04\/CASA-DOMENICA-LOGO-x2.png\",\"width\":400,\"height\":250,\"caption\":\"Casa Domenica\"},\"image\":{\"@id\":\"https:\/\/www.casadomenica.gr\/sr\/#\/schema\/logo\/image\/\"}}]}<\/script>\n<!-- \/ Yoast SEO plugin. -->","yoast_head_json":{"title":"Uz sufinansiranje Gr\u010dke i Evropske unije. - Casa Domenica","robots":{"index":"index","follow":"follow","max-snippet":"max-snippet:-1","max-image-preview":"max-image-preview:large","max-video-preview":"max-video-preview:-1"},"canonical":"https:\/\/www.casadomenica.gr\/sr\/co-financing\/","og_locale":"sr_RS","og_type":"article","og_title":"Uz sufinansiranje Gr\u010dke i Evropske unije. - Casa Domenica","og_url":"https:\/\/www.casadomenica.gr\/sr\/co-financing\/","og_site_name":"Casa Domenica","article_modified_time":"2025-10-30T18:31:08+00:00","twitter_card":"summary_large_image","twitter_misc":{"\u041f\u0440\u043e\u0446\u0435\u045a\u0435\u043d\u043e \u0432\u0440\u0435\u043c\u0435 \u0447\u0438\u0442\u0430\u045a\u0430":"3 \u043c\u0438\u043d\u0443\u0442\u0430"},"schema":{"@context":"https:\/\/schema.org","@graph":[{"@type":"WebPage","@id":"https:\/\/www.casadomenica.gr\/sr\/co-financing\/","url":"https:\/\/www.casadomenica.gr\/sr\/co-financing\/","name":"Uz sufinansiranje Gr\u010dke i Evropske unije. - Casa Domenica","isPartOf":{"@id":"https:\/\/www.casadomenica.gr\/sr\/#website"},"datePublished":"2025-10-30T07:07:29+00:00","dateModified":"2025-10-30T18:31:08+00:00","breadcrumb":{"@id":"https:\/\/www.casadomenica.gr\/sr\/co-financing\/#breadcrumb"},"inLanguage":"sr-RS","potentialAction":[{"@type":"ReadAction","target":["https:\/\/www.casadomenica.gr\/sr\/co-financing\/"]}]},{"@type":"BreadcrumbList","@id":"https:\/\/www.casadomenica.gr\/sr\/co-financing\/#breadcrumb","itemListElement":[{"@type":"ListItem","position":1,"name":"Home","item":"https:\/\/www.casadomenica.gr\/sr\/"},{"@type":"ListItem","position":2,"name":"Uz sufinansiranje Gr\u010dke i Evropske unije."}]},{"@type":"WebSite","@id":"https:\/\/www.casadomenica.gr\/sr\/#website","url":"https:\/\/www.casadomenica.gr\/sr\/","name":"Casa Domenica","description":"Relaxing &amp; Pleasure","publisher":{"@id":"https:\/\/www.casadomenica.gr\/sr\/#organization"},"potentialAction":[{"@type":"SearchAction","target":{"@type":"EntryPoint","urlTemplate":"https:\/\/www.casadomenica.gr\/sr\/?s={search_term_string}"},"query-input":{"@type":"PropertyValueSpecification","valueRequired":true,"valueName":"search_term_string"}}],"inLanguage":"sr-RS"},{"@type":"Organization","@id":"https:\/\/www.casadomenica.gr\/sr\/#organization","name":"Casa Domenica","url":"https:\/\/www.casadomenica.gr\/sr\/","logo":{"@type":"ImageObject","inLanguage":"sr-RS","@id":"https:\/\/www.casadomenica.gr\/sr\/#\/schema\/logo\/image\/","url":"https:\/\/www.casadomenica.gr\/wp-content\/uploads\/2020\/04\/CASA-DOMENICA-LOGO-x2.png","contentUrl":"https:\/\/www.casadomenica.gr\/wp-content\/uploads\/2020\/04\/CASA-DOMENICA-LOGO-x2.png","width":400,"height":250,"caption":"Casa Domenica"},"image":{"@id":"https:\/\/www.casadomenica.gr\/sr\/#\/schema\/logo\/image\/"}}]}},"_links":{"self":[{"href":"https:\/\/www.casadomenica.gr\/sr\/wp-json\/wp\/v2\/pages\/27352","targetHints":{"allow":["GET"]}}],"collection":[{"href":"https:\/\/www.casadomenica.gr\/sr\/wp-json\/wp\/v2\/pages"}],"about":[{"href":"https:\/\/www.casadomenica.gr\/sr\/wp-json\/wp\/v2\/types\/page"}],"author":[{"embeddable":true,"href":"https:\/\/www.casadomenica.gr\/sr\/wp-json\/wp\/v2\/users\/1"}],"replies":[{"embeddable":true,"href":"https:\/\/www.casadomenica.gr\/sr\/wp-json\/wp\/v2\/comments?post=27352"}],"version-history":[{"count":10,"href":"https:\/\/www.casadomenica.gr\/sr\/wp-json\/wp\/v2\/pages\/27352\/revisions"}],"predecessor-version":[{"id":27694,"href":"https:\/\/www.casadomenica.gr\/sr\/wp-json\/wp\/v2\/pages\/27352\/revisions\/27694"}],"wp:attachment":[{"href":"https:\/\/www.casadomenica.gr\/sr\/wp-json\/wp\/v2\/media?parent=27352"}],"curies":[{"name":"wp","href":"https:\/\/api.w.org\/{rel}","templated":true}]}}