{"id":2290,"date":"2020-06-22T22:27:54","date_gmt":"2020-06-22T19:27:54","guid":{"rendered":"https:\/\/www.casadomenica.gr\/crkva-svete-marine\/"},"modified":"2025-10-30T20:20:08","modified_gmt":"2025-10-30T18:20:08","slug":"crkva-svete-marine","status":"publish","type":"page","link":"https:\/\/www.casadomenica.gr\/sr\/crkva-svete-marine\/","title":{"rendered":"Crkva Svete Marine"},"content":{"rendered":"<p><div class=\"fusion-fullwidth fullwidth-box fusion-builder-row-1 nonhundred-percent-fullwidth non-hundred-percent-height-scrolling\" style=\"--awb-border-radius-top-left:0px;--awb-border-radius-top-right:0px;--awb-border-radius-bottom-right:0px;--awb-border-radius-bottom-left:0px;--awb-flex-wrap:wrap;\" ><div class=\"fusion-builder-row fusion-row\"><div class=\"fusion-layout-column fusion_builder_column fusion-builder-column-0 fusion_builder_column_1_1 1_1 fusion-one-full fusion-column-first fusion-column-last\" style=\"--awb-bg-size:cover;\"><div class=\"fusion-column-wrapper fusion-column-has-shadow fusion-flex-column-wrapper-legacy\"><div class=\"fusion-title title fusion-title-1 fusion-title-center fusion-title-text fusion-title-size-one\" style=\"--awb-margin-top-small:0px;--awb-margin-right-small:0px;--awb-margin-bottom-small:20px;--awb-margin-left-small:0px;\"><div class=\"title-sep-container title-sep-container-left\"><div class=\"title-sep sep- sep-solid\" style=\"border-color:#e0dede;\"><\/div><\/div><span class=\"awb-title-spacer\"><\/span><h1 class=\"fusion-title-heading title-heading-center fusion-responsive-typography-calculated\" style=\"margin:0;--fontSize:46;line-height:1.11;\">Sveta Marina Rendina<\/h1><span class=\"awb-title-spacer\"><\/span><div class=\"title-sep-container title-sep-container-right\"><div class=\"title-sep sep- sep-solid\" style=\"border-color:#e0dede;\"><\/div><\/div><\/div><div class=\"fusion-clearfix\"><\/div><\/div><\/div><\/div><\/div><div class=\"fusion-fullwidth fullwidth-box fusion-builder-row-2 nonhundred-percent-fullwidth non-hundred-percent-height-scrolling\" style=\"--awb-border-radius-top-left:0px;--awb-border-radius-top-right:0px;--awb-border-radius-bottom-right:0px;--awb-border-radius-bottom-left:0px;--awb-flex-wrap:wrap;\" ><div class=\"fusion-builder-row fusion-row\"><div class=\"fusion-layout-column fusion_builder_column fusion-builder-column-1 fusion_builder_column_1_3 1_3 fusion-one-third fusion-column-first\" style=\"--awb-bg-size:cover;width:33.333333333333%;width:calc(33.333333333333% - ( ( 4% ) * 0.33333333333333 ) );margin-right: 4%;\"><div class=\"fusion-column-wrapper fusion-column-has-shadow fusion-flex-column-wrapper-legacy\"><div class=\"fusion-image-element in-legacy-container\" style=\"--awb-caption-title-font-family:var(--h2_typography-font-family);--awb-caption-title-font-weight:var(--h2_typography-font-weight);--awb-caption-title-font-style:var(--h2_typography-font-style);--awb-caption-title-size:var(--h2_typography-font-size);--awb-caption-title-transform:var(--h2_typography-text-transform);--awb-caption-title-line-height:var(--h2_typography-line-height);--awb-caption-title-letter-spacing:var(--h2_typography-letter-spacing);\"><span class=\" fusion-imageframe imageframe-none imageframe-1 hover-type-none\"><img decoding=\"async\" width=\"179\" height=\"120\" title=\"Agia_Marina\" src=\"data:image\/svg+xml,%3Csvg%20xmlns%3D%27http%3A%2F%2Fwww.w3.org%2F2000%2Fsvg%27%20width%3D%27179%27%20height%3D%27120%27%20viewBox%3D%270%200%20179%20120%27%3E%3Crect%20width%3D%27179%27%20height%3D%27120%27%20fill-opacity%3D%220%22%2F%3E%3C%2Fsvg%3E\" data-orig-src=\"https:\/\/www.casadomenica.gr\/wp-content\/uploads\/2020\/05\/Agia_Marina.jpg\" alt class=\"lazyload img-responsive wp-image-1935\"\/><\/span><\/div><div class=\"fusion-clearfix\"><\/div><\/div><\/div><div class=\"fusion-layout-column fusion_builder_column fusion-builder-column-2 fusion_builder_column_2_3 2_3 fusion-two-third fusion-column-last\" style=\"--awb-bg-size:cover;width:66.666666666667%;width:calc(66.666666666667% - ( ( 4% ) * 0.66666666666667 ) );\"><div class=\"fusion-column-wrapper fusion-column-has-shadow fusion-flex-column-wrapper-legacy\"><div class=\"fusion-text fusion-text-1 awb-text-cols fusion-text-columns-2\" style=\"--awb-columns:2;--awb-column-spacing:2em;--awb-column-min-width:100px;\"><p>Na velikom prostranstvu me\u0111u biljem i drve\u0107em ugnjezdila se crkvica svete Marine u mestu Rendina, na maloj udaljenosti od Soluna. .<\/p>\n<p>Osim po svojoj neopisivoj lepoti, crkvica je poznata i po svojoj \u010dudotvornosti, budu\u0107i da ljudi iz mnogih delova Gr\u010dke tvrde kako su prona\u0161li re\u0161enje za svoj problem nakon \u0161to su i\u0161li na hodo\u010da\u0161\u0107e u ovu crkvu.<\/p>\n<p>Istorija crkve:<\/p>\n<p>Mali hram posebne i jedinstvene lepote, ponos je me\u0161tana sela Modi koji su ga i izgradili sredinom 18. veka, kako ka\u017eu zapisi. U mestu Modi pripovedaju da je sve\u0161tenik po imenu otac Temelis koji je imao vinograd u blizini mesta gde je danas crkva, video u snu svetiteljku kako mu govori da izvadi njenu ikonu iz jednog \u0161upljeg dreveta i da je ostavi u crkvi koja \u0107e biti izgra\u0111ena. Sve\u0161tenik je bio istorijska li\u010dnost i njegovi potomci \u017eive u selu i nose njegovo ime kao prezime.<\/p>\n<p>Prema drugoj verziji (dosta sli\u010dnoj) ikona je prona\u0111ena u jednom \u0161upljem deblu bresta koji je posekao Tur\u010din kod\u017eoba\u0161a. Jedan me\u0161tanin Modija mu je svojom zapregom pomogao da prenese drva u Vrasnu i Tur\u010din mu je predao ikonu i dozvolio mu da izgradi crkvu. Koja god da je verzija ta\u010dna, na mestu svima poznatom, na glavnom putu, godine 1869. izgra\u0111en je hram od strane majstora iz Epira koji radili u ovim krajevima (crkva u Ano Stavrosu tako\u0111e je njihovo delo). Kako je zapisano na osnovu pri\u010da me\u0161tana, crkvu je darivao sultan sa 400 hektara zemlje i ovo je zapisano u dokumentima koji su kasnije predati Satatu, prvom Grku vlasniku \u010ditluka nakon turske vlasti. Hram je sagra\u0111en na ru\u0161evinama jedne starije gra\u0111evine koja je najverovatnije pripadala anti\u010dkoj Aretusi. Veoma blizu mesta gde je hram, u vreme Turaka nalazilo se jedno malo utvr\u0111enje po imenu Buljuk-ba\u0161a \u010diji su vojnici kontrolisali zapadni ulaz u Makedonske Tembe<br \/>\n. Va\u0161ar svete Marine koji se odr\u017eava svakog 17.7. ostaje poznat do na\u0161ih dana, mada se stariji se\u0107aju da je prvih godina kada je crkva sagra\u0111ena va\u0161ar bio veli\u010danstven jer je i tada imao stotine posetilaca koji nisu marili za te\u0161ke mogu\u0107nosti putovanja i danima su pe\u0161a\u010dili da se poklone svetiteljki. Pripoveda se da je sa kule tokom nekoliko prvih va\u0161ara na dan svetiteljke, silazio jelen kao ponuda svetiteljke kojeg bi stanovnici poslu\u017eili posetiocima va\u0161ara.<\/p>\n<p>Iako se niko ne se\u0107a ni jednog o\u010devica ovog doga\u0111aja, do pre nekoliko godina mogla se na levom zidu crkve videti jedna alka za koju je, kako se govorilo, jelen bio privezan da se odmori pre nego \u0161to ga zakolju. Tradicija ka\u017ee da je jelen prestao da dolazi nakon \u0161to je jedne godine zakasnio pa su ga me\u0161tani odmah zaklali umesto da mu dozvole da se odmori.<\/p>\n<p>Tako su ka\u017enjeni od strane svetiteljke za svoju slabost. Slavlje i va\u0161ar su nastavljeni uz jagnje narednih godina. Iako posle Drugo svetskog rata crkva nije vi\u0161e bila na vrhuncu, vratila je svoju staru slavu 1980. zahvaljuju\u0107i tada\u0161njem seoskom poglavaru. Ikona svete Marine je bila ukradena, pa vra\u0107ena i govori se da se \u010duva u Crkvi Svete Trojice u Modiju i predstavlja svetu Marinu kako dr\u017ei u svojoj desnoj ruci ma\u010d, a u levoj \u0111avolju kosu. Pripoveda se da je \u010dudotovorna i postoje svedo\u010denja ljudi kojima se svetiteljka ukazala.<\/p>\n<\/div><div class=\"fusion-clearfix\"><\/div><\/div><\/div><\/div><\/div><\/p>\n","protected":false},"excerpt":{"rendered":"","protected":false},"author":1,"featured_media":0,"parent":0,"menu_order":0,"comment_status":"closed","ping_status":"closed","template":"","meta":{"footnotes":""},"class_list":["post-2290","page","type-page","status-publish","hentry"],"yoast_head":"<!-- This site is optimized with the Yoast SEO plugin v27.2 - https:\/\/yoast.com\/product\/yoast-seo-wordpress\/ -->\n<title>Crkva Svete Marine - Casa Domenica<\/title>\n<meta name=\"robots\" content=\"index, follow, max-snippet:-1, max-image-preview:large, max-video-preview:-1\" \/>\n<link rel=\"canonical\" href=\"https:\/\/www.casadomenica.gr\/sr\/crkva-svete-marine\/\" \/>\n<meta property=\"og:locale\" content=\"sr_RS\" \/>\n<meta property=\"og:type\" content=\"article\" \/>\n<meta property=\"og:title\" content=\"Crkva Svete Marine - Casa Domenica\" \/>\n<meta property=\"og:url\" content=\"https:\/\/www.casadomenica.gr\/sr\/crkva-svete-marine\/\" \/>\n<meta property=\"og:site_name\" content=\"Casa Domenica\" \/>\n<meta property=\"article:modified_time\" content=\"2025-10-30T18:20:08+00:00\" \/>\n<meta name=\"twitter:card\" content=\"summary_large_image\" \/>\n<meta name=\"twitter:label1\" content=\"\u041f\u0440\u043e\u0446\u0435\u045a\u0435\u043d\u043e \u0432\u0440\u0435\u043c\u0435 \u0447\u0438\u0442\u0430\u045a\u0430\" \/>\n\t<meta name=\"twitter:data1\" content=\"4 \u043c\u0438\u043d\u0443\u0442\u0430\" \/>\n<script type=\"application\/ld+json\" class=\"yoast-schema-graph\">{\"@context\":\"https:\/\/schema.org\",\"@graph\":[{\"@type\":\"WebPage\",\"@id\":\"https:\/\/www.casadomenica.gr\/sr\/crkva-svete-marine\/\",\"url\":\"https:\/\/www.casadomenica.gr\/sr\/crkva-svete-marine\/\",\"name\":\"Crkva Svete Marine - Casa Domenica\",\"isPartOf\":{\"@id\":\"https:\/\/www.casadomenica.gr\/sr\/#website\"},\"datePublished\":\"2020-06-22T19:27:54+00:00\",\"dateModified\":\"2025-10-30T18:20:08+00:00\",\"breadcrumb\":{\"@id\":\"https:\/\/www.casadomenica.gr\/sr\/crkva-svete-marine\/#breadcrumb\"},\"inLanguage\":\"sr-RS\",\"potentialAction\":[{\"@type\":\"ReadAction\",\"target\":[\"https:\/\/www.casadomenica.gr\/sr\/crkva-svete-marine\/\"]}]},{\"@type\":\"BreadcrumbList\",\"@id\":\"https:\/\/www.casadomenica.gr\/sr\/crkva-svete-marine\/#breadcrumb\",\"itemListElement\":[{\"@type\":\"ListItem\",\"position\":1,\"name\":\"Home\",\"item\":\"https:\/\/www.casadomenica.gr\/sr\/\"},{\"@type\":\"ListItem\",\"position\":2,\"name\":\"Crkva Svete Marine\"}]},{\"@type\":\"WebSite\",\"@id\":\"https:\/\/www.casadomenica.gr\/sr\/#website\",\"url\":\"https:\/\/www.casadomenica.gr\/sr\/\",\"name\":\"Casa Domenica\",\"description\":\"Relaxing &amp; Pleasure\",\"publisher\":{\"@id\":\"https:\/\/www.casadomenica.gr\/sr\/#organization\"},\"potentialAction\":[{\"@type\":\"SearchAction\",\"target\":{\"@type\":\"EntryPoint\",\"urlTemplate\":\"https:\/\/www.casadomenica.gr\/sr\/?s={search_term_string}\"},\"query-input\":{\"@type\":\"PropertyValueSpecification\",\"valueRequired\":true,\"valueName\":\"search_term_string\"}}],\"inLanguage\":\"sr-RS\"},{\"@type\":\"Organization\",\"@id\":\"https:\/\/www.casadomenica.gr\/sr\/#organization\",\"name\":\"Casa Domenica\",\"url\":\"https:\/\/www.casadomenica.gr\/sr\/\",\"logo\":{\"@type\":\"ImageObject\",\"inLanguage\":\"sr-RS\",\"@id\":\"https:\/\/www.casadomenica.gr\/sr\/#\/schema\/logo\/image\/\",\"url\":\"https:\/\/www.casadomenica.gr\/wp-content\/uploads\/2020\/04\/CASA-DOMENICA-LOGO-x2.png\",\"contentUrl\":\"https:\/\/www.casadomenica.gr\/wp-content\/uploads\/2020\/04\/CASA-DOMENICA-LOGO-x2.png\",\"width\":400,\"height\":250,\"caption\":\"Casa Domenica\"},\"image\":{\"@id\":\"https:\/\/www.casadomenica.gr\/sr\/#\/schema\/logo\/image\/\"}}]}<\/script>\n<!-- \/ Yoast SEO plugin. -->","yoast_head_json":{"title":"Crkva Svete Marine - Casa Domenica","robots":{"index":"index","follow":"follow","max-snippet":"max-snippet:-1","max-image-preview":"max-image-preview:large","max-video-preview":"max-video-preview:-1"},"canonical":"https:\/\/www.casadomenica.gr\/sr\/crkva-svete-marine\/","og_locale":"sr_RS","og_type":"article","og_title":"Crkva Svete Marine - Casa Domenica","og_url":"https:\/\/www.casadomenica.gr\/sr\/crkva-svete-marine\/","og_site_name":"Casa Domenica","article_modified_time":"2025-10-30T18:20:08+00:00","twitter_card":"summary_large_image","twitter_misc":{"\u041f\u0440\u043e\u0446\u0435\u045a\u0435\u043d\u043e \u0432\u0440\u0435\u043c\u0435 \u0447\u0438\u0442\u0430\u045a\u0430":"4 \u043c\u0438\u043d\u0443\u0442\u0430"},"schema":{"@context":"https:\/\/schema.org","@graph":[{"@type":"WebPage","@id":"https:\/\/www.casadomenica.gr\/sr\/crkva-svete-marine\/","url":"https:\/\/www.casadomenica.gr\/sr\/crkva-svete-marine\/","name":"Crkva Svete Marine - Casa Domenica","isPartOf":{"@id":"https:\/\/www.casadomenica.gr\/sr\/#website"},"datePublished":"2020-06-22T19:27:54+00:00","dateModified":"2025-10-30T18:20:08+00:00","breadcrumb":{"@id":"https:\/\/www.casadomenica.gr\/sr\/crkva-svete-marine\/#breadcrumb"},"inLanguage":"sr-RS","potentialAction":[{"@type":"ReadAction","target":["https:\/\/www.casadomenica.gr\/sr\/crkva-svete-marine\/"]}]},{"@type":"BreadcrumbList","@id":"https:\/\/www.casadomenica.gr\/sr\/crkva-svete-marine\/#breadcrumb","itemListElement":[{"@type":"ListItem","position":1,"name":"Home","item":"https:\/\/www.casadomenica.gr\/sr\/"},{"@type":"ListItem","position":2,"name":"Crkva Svete Marine"}]},{"@type":"WebSite","@id":"https:\/\/www.casadomenica.gr\/sr\/#website","url":"https:\/\/www.casadomenica.gr\/sr\/","name":"Casa Domenica","description":"Relaxing &amp; Pleasure","publisher":{"@id":"https:\/\/www.casadomenica.gr\/sr\/#organization"},"potentialAction":[{"@type":"SearchAction","target":{"@type":"EntryPoint","urlTemplate":"https:\/\/www.casadomenica.gr\/sr\/?s={search_term_string}"},"query-input":{"@type":"PropertyValueSpecification","valueRequired":true,"valueName":"search_term_string"}}],"inLanguage":"sr-RS"},{"@type":"Organization","@id":"https:\/\/www.casadomenica.gr\/sr\/#organization","name":"Casa Domenica","url":"https:\/\/www.casadomenica.gr\/sr\/","logo":{"@type":"ImageObject","inLanguage":"sr-RS","@id":"https:\/\/www.casadomenica.gr\/sr\/#\/schema\/logo\/image\/","url":"https:\/\/www.casadomenica.gr\/wp-content\/uploads\/2020\/04\/CASA-DOMENICA-LOGO-x2.png","contentUrl":"https:\/\/www.casadomenica.gr\/wp-content\/uploads\/2020\/04\/CASA-DOMENICA-LOGO-x2.png","width":400,"height":250,"caption":"Casa Domenica"},"image":{"@id":"https:\/\/www.casadomenica.gr\/sr\/#\/schema\/logo\/image\/"}}]}},"_links":{"self":[{"href":"https:\/\/www.casadomenica.gr\/sr\/wp-json\/wp\/v2\/pages\/2290","targetHints":{"allow":["GET"]}}],"collection":[{"href":"https:\/\/www.casadomenica.gr\/sr\/wp-json\/wp\/v2\/pages"}],"about":[{"href":"https:\/\/www.casadomenica.gr\/sr\/wp-json\/wp\/v2\/types\/page"}],"author":[{"embeddable":true,"href":"https:\/\/www.casadomenica.gr\/sr\/wp-json\/wp\/v2\/users\/1"}],"replies":[{"embeddable":true,"href":"https:\/\/www.casadomenica.gr\/sr\/wp-json\/wp\/v2\/comments?post=2290"}],"version-history":[{"count":4,"href":"https:\/\/www.casadomenica.gr\/sr\/wp-json\/wp\/v2\/pages\/2290\/revisions"}],"predecessor-version":[{"id":27680,"href":"https:\/\/www.casadomenica.gr\/sr\/wp-json\/wp\/v2\/pages\/2290\/revisions\/27680"}],"wp:attachment":[{"href":"https:\/\/www.casadomenica.gr\/sr\/wp-json\/wp\/v2\/media?parent=2290"}],"curies":[{"name":"wp","href":"https:\/\/api.w.org\/{rel}","templated":true}]}}