{"id":2288,"date":"2020-06-22T22:15:01","date_gmt":"2020-06-22T19:15:01","guid":{"rendered":"https:\/\/www.casadomenica.gr\/politika-povracaja-novca\/"},"modified":"2025-10-30T20:42:37","modified_gmt":"2025-10-30T18:42:37","slug":"politika-povracaja-novca","status":"publish","type":"page","link":"https:\/\/www.casadomenica.gr\/sr\/politika-povracaja-novca\/","title":{"rendered":"Politika povra\u0107aja novca"},"content":{"rendered":"<h5><strong>Pla\u0107anje<\/strong><\/h5>\n<p>25% od ukupnog iznosa prilikom rezervacije,  upla\u0107eni iznos rezervacije ne mo\u017ee biti manji od nazna\u010dene cene boravka po danu.<\/p>\n<h5><strong>Uslovi otkazivanja:<\/strong><\/h5>\n<p>Ulazak u sobe je posle 14h po lokalnom vremenu, a sobu napu\u0161tate poslednjeg dana boravka pre 12h po lokalnom vremenu.<br \/>\n\u2022 Ukoliko otka\u017eete rezervaciju 21 dan pre nazna\u010denog datuma po\u010detka usluge, ceo iznos upla\u0107ene rezervacije \u0107e vam biti refundiran.<br \/>\n\u2022 Ukoliko otka\u017eete rezervaciju 21 ili manje dana pre nazna\u010denog datuma po\u010detka usluge, iznos upla\u0107ene rezervacije vam ne\u0107e biti refundiran.<br \/>\n\u2022Ukoliko do otkazivanja do\u0111e u toku va\u0161eg boravka, zadr\u017eavamo 50% od ukupnog iznosa va\u0161e rezervacije.<\/p>\n","protected":false},"excerpt":{"rendered":"<p>Pla\u0107anje 25% od ukupnog iznosa prilikom rezervacije, upla\u0107eni iznos rezervacije ne mo\u017ee biti manji od nazna\u010dene cene boravka po danu. Uslovi otkazivanja: Ulazak u sobe je posle 14h po lokalnom vremenu, a sobu napu\u0161tate poslednjeg dana boravka pre 12h po <a href=\"https:\/\/www.casadomenica.gr\/sr\/politika-povracaja-novca\/\"> [&#8230;]<\/a><\/p>\n","protected":false},"author":1,"featured_media":0,"parent":0,"menu_order":0,"comment_status":"closed","ping_status":"closed","template":"","meta":{"footnotes":""},"class_list":["post-2288","page","type-page","status-publish","hentry"],"yoast_head":"<!-- This site is optimized with the Yoast SEO plugin v27.6 - https:\/\/yoast.com\/product\/yoast-seo-wordpress\/ -->\n<title>Politika povra\u0107aja novca - Casa Domenica<\/title>\n<meta name=\"robots\" content=\"index, follow, max-snippet:-1, max-image-preview:large, max-video-preview:-1\" \/>\n<link rel=\"canonical\" href=\"https:\/\/www.casadomenica.gr\/sr\/politika-povracaja-novca\/\" \/>\n<meta property=\"og:locale\" content=\"sr_RS\" \/>\n<meta property=\"og:type\" content=\"article\" \/>\n<meta property=\"og:title\" content=\"Politika povra\u0107aja novca - Casa Domenica\" \/>\n<meta property=\"og:description\" content=\"Pla\u0107anje 25% od ukupnog iznosa prilikom rezervacije, upla\u0107eni iznos rezervacije ne mo\u017ee biti manji od nazna\u010dene cene boravka po danu. Uslovi otkazivanja: Ulazak u sobe je posle 14h po lokalnom vremenu, a sobu napu\u0161tate poslednjeg dana boravka pre 12h po [...]\" \/>\n<meta property=\"og:url\" content=\"https:\/\/www.casadomenica.gr\/sr\/politika-povracaja-novca\/\" \/>\n<meta property=\"og:site_name\" content=\"Casa Domenica\" \/>\n<meta property=\"article:modified_time\" content=\"2025-10-30T18:42:37+00:00\" \/>\n<meta name=\"twitter:card\" content=\"summary_large_image\" \/>\n<meta name=\"twitter:label1\" content=\"\u041f\u0440\u043e\u0446\u0435\u045a\u0435\u043d\u043e \u0432\u0440\u0435\u043c\u0435 \u0447\u0438\u0442\u0430\u045a\u0430\" \/>\n\t<meta name=\"twitter:data1\" content=\"1 \u043c\u0438\u043d\u0443\u0442\" \/>\n<script type=\"application\/ld+json\" class=\"yoast-schema-graph\">{\"@context\":\"https:\\\/\\\/schema.org\",\"@graph\":[{\"@type\":\"WebPage\",\"@id\":\"https:\\\/\\\/www.casadomenica.gr\\\/sr\\\/politika-povracaja-novca\\\/\",\"url\":\"https:\\\/\\\/www.casadomenica.gr\\\/sr\\\/politika-povracaja-novca\\\/\",\"name\":\"Politika povra\u0107aja novca - Casa Domenica\",\"isPartOf\":{\"@id\":\"https:\\\/\\\/www.casadomenica.gr\\\/sr\\\/#website\"},\"datePublished\":\"2020-06-22T19:15:01+00:00\",\"dateModified\":\"2025-10-30T18:42:37+00:00\",\"breadcrumb\":{\"@id\":\"https:\\\/\\\/www.casadomenica.gr\\\/sr\\\/politika-povracaja-novca\\\/#breadcrumb\"},\"inLanguage\":\"sr-RS\",\"potentialAction\":[{\"@type\":\"ReadAction\",\"target\":[\"https:\\\/\\\/www.casadomenica.gr\\\/sr\\\/politika-povracaja-novca\\\/\"]}]},{\"@type\":\"BreadcrumbList\",\"@id\":\"https:\\\/\\\/www.casadomenica.gr\\\/sr\\\/politika-povracaja-novca\\\/#breadcrumb\",\"itemListElement\":[{\"@type\":\"ListItem\",\"position\":1,\"name\":\"Home\",\"item\":\"https:\\\/\\\/www.casadomenica.gr\\\/sr\\\/\"},{\"@type\":\"ListItem\",\"position\":2,\"name\":\"Politika povra\u0107aja novca\"}]},{\"@type\":\"WebSite\",\"@id\":\"https:\\\/\\\/www.casadomenica.gr\\\/sr\\\/#website\",\"url\":\"https:\\\/\\\/www.casadomenica.gr\\\/sr\\\/\",\"name\":\"Casa Domenica\",\"description\":\"Relaxing &amp; Pleasure\",\"publisher\":{\"@id\":\"https:\\\/\\\/www.casadomenica.gr\\\/sr\\\/#organization\"},\"potentialAction\":[{\"@type\":\"SearchAction\",\"target\":{\"@type\":\"EntryPoint\",\"urlTemplate\":\"https:\\\/\\\/www.casadomenica.gr\\\/sr\\\/?s={search_term_string}\"},\"query-input\":{\"@type\":\"PropertyValueSpecification\",\"valueRequired\":true,\"valueName\":\"search_term_string\"}}],\"inLanguage\":\"sr-RS\"},{\"@type\":\"Organization\",\"@id\":\"https:\\\/\\\/www.casadomenica.gr\\\/sr\\\/#organization\",\"name\":\"Casa Domenica\",\"url\":\"https:\\\/\\\/www.casadomenica.gr\\\/sr\\\/\",\"logo\":{\"@type\":\"ImageObject\",\"inLanguage\":\"sr-RS\",\"@id\":\"https:\\\/\\\/www.casadomenica.gr\\\/sr\\\/#\\\/schema\\\/logo\\\/image\\\/\",\"url\":\"https:\\\/\\\/www.casadomenica.gr\\\/wp-content\\\/uploads\\\/2020\\\/04\\\/CASA-DOMENICA-LOGO-x2.png\",\"contentUrl\":\"https:\\\/\\\/www.casadomenica.gr\\\/wp-content\\\/uploads\\\/2020\\\/04\\\/CASA-DOMENICA-LOGO-x2.png\",\"width\":400,\"height\":250,\"caption\":\"Casa Domenica\"},\"image\":{\"@id\":\"https:\\\/\\\/www.casadomenica.gr\\\/sr\\\/#\\\/schema\\\/logo\\\/image\\\/\"}}]}<\/script>\n<!-- \/ Yoast SEO plugin. -->","yoast_head_json":{"title":"Politika povra\u0107aja novca - Casa Domenica","robots":{"index":"index","follow":"follow","max-snippet":"max-snippet:-1","max-image-preview":"max-image-preview:large","max-video-preview":"max-video-preview:-1"},"canonical":"https:\/\/www.casadomenica.gr\/sr\/politika-povracaja-novca\/","og_locale":"sr_RS","og_type":"article","og_title":"Politika povra\u0107aja novca - Casa Domenica","og_description":"Pla\u0107anje 25% od ukupnog iznosa prilikom rezervacije, upla\u0107eni iznos rezervacije ne mo\u017ee biti manji od nazna\u010dene cene boravka po danu. Uslovi otkazivanja: Ulazak u sobe je posle 14h po lokalnom vremenu, a sobu napu\u0161tate poslednjeg dana boravka pre 12h po [...]","og_url":"https:\/\/www.casadomenica.gr\/sr\/politika-povracaja-novca\/","og_site_name":"Casa Domenica","article_modified_time":"2025-10-30T18:42:37+00:00","twitter_card":"summary_large_image","twitter_misc":{"\u041f\u0440\u043e\u0446\u0435\u045a\u0435\u043d\u043e \u0432\u0440\u0435\u043c\u0435 \u0447\u0438\u0442\u0430\u045a\u0430":"1 \u043c\u0438\u043d\u0443\u0442"},"schema":{"@context":"https:\/\/schema.org","@graph":[{"@type":"WebPage","@id":"https:\/\/www.casadomenica.gr\/sr\/politika-povracaja-novca\/","url":"https:\/\/www.casadomenica.gr\/sr\/politika-povracaja-novca\/","name":"Politika povra\u0107aja novca - Casa Domenica","isPartOf":{"@id":"https:\/\/www.casadomenica.gr\/sr\/#website"},"datePublished":"2020-06-22T19:15:01+00:00","dateModified":"2025-10-30T18:42:37+00:00","breadcrumb":{"@id":"https:\/\/www.casadomenica.gr\/sr\/politika-povracaja-novca\/#breadcrumb"},"inLanguage":"sr-RS","potentialAction":[{"@type":"ReadAction","target":["https:\/\/www.casadomenica.gr\/sr\/politika-povracaja-novca\/"]}]},{"@type":"BreadcrumbList","@id":"https:\/\/www.casadomenica.gr\/sr\/politika-povracaja-novca\/#breadcrumb","itemListElement":[{"@type":"ListItem","position":1,"name":"Home","item":"https:\/\/www.casadomenica.gr\/sr\/"},{"@type":"ListItem","position":2,"name":"Politika povra\u0107aja novca"}]},{"@type":"WebSite","@id":"https:\/\/www.casadomenica.gr\/sr\/#website","url":"https:\/\/www.casadomenica.gr\/sr\/","name":"Casa Domenica","description":"Relaxing &amp; Pleasure","publisher":{"@id":"https:\/\/www.casadomenica.gr\/sr\/#organization"},"potentialAction":[{"@type":"SearchAction","target":{"@type":"EntryPoint","urlTemplate":"https:\/\/www.casadomenica.gr\/sr\/?s={search_term_string}"},"query-input":{"@type":"PropertyValueSpecification","valueRequired":true,"valueName":"search_term_string"}}],"inLanguage":"sr-RS"},{"@type":"Organization","@id":"https:\/\/www.casadomenica.gr\/sr\/#organization","name":"Casa Domenica","url":"https:\/\/www.casadomenica.gr\/sr\/","logo":{"@type":"ImageObject","inLanguage":"sr-RS","@id":"https:\/\/www.casadomenica.gr\/sr\/#\/schema\/logo\/image\/","url":"https:\/\/www.casadomenica.gr\/wp-content\/uploads\/2020\/04\/CASA-DOMENICA-LOGO-x2.png","contentUrl":"https:\/\/www.casadomenica.gr\/wp-content\/uploads\/2020\/04\/CASA-DOMENICA-LOGO-x2.png","width":400,"height":250,"caption":"Casa Domenica"},"image":{"@id":"https:\/\/www.casadomenica.gr\/sr\/#\/schema\/logo\/image\/"}}]}},"_links":{"self":[{"href":"https:\/\/www.casadomenica.gr\/sr\/wp-json\/wp\/v2\/pages\/2288","targetHints":{"allow":["GET"]}}],"collection":[{"href":"https:\/\/www.casadomenica.gr\/sr\/wp-json\/wp\/v2\/pages"}],"about":[{"href":"https:\/\/www.casadomenica.gr\/sr\/wp-json\/wp\/v2\/types\/page"}],"author":[{"embeddable":true,"href":"https:\/\/www.casadomenica.gr\/sr\/wp-json\/wp\/v2\/users\/1"}],"replies":[{"embeddable":true,"href":"https:\/\/www.casadomenica.gr\/sr\/wp-json\/wp\/v2\/comments?post=2288"}],"version-history":[{"count":1,"href":"https:\/\/www.casadomenica.gr\/sr\/wp-json\/wp\/v2\/pages\/2288\/revisions"}],"predecessor-version":[{"id":2289,"href":"https:\/\/www.casadomenica.gr\/sr\/wp-json\/wp\/v2\/pages\/2288\/revisions\/2289"}],"wp:attachment":[{"href":"https:\/\/www.casadomenica.gr\/sr\/wp-json\/wp\/v2\/media?parent=2288"}],"curies":[{"name":"wp","href":"https:\/\/api.w.org\/{rel}","templated":true}]}}